{"id":5947,"date":"2025-09-27T19:36:13","date_gmt":"2025-09-27T19:36:13","guid":{"rendered":"https:\/\/drayaelochoa.com\/?page_id=5947"},"modified":"2025-10-02T18:43:34","modified_gmt":"2025-10-02T18:43:34","slug":"health-conditions-we-treat","status":"publish","type":"page","link":"https:\/\/drayaelochoa.com\/es\/health-conditions-we-treat\/","title":{"rendered":"Condiciones de Salud que Tratamos"},"content":{"rendered":"<div id=\"intro\"  data-column-margin=\"default\" data-midnight=\"light\" data-top-percent=\"4%\" data-bottom-percent=\"4%\"  class=\"wpb_row vc_row-fluid vc_row full-width-section\"  style=\"padding-top: calc(100vw * 0.04); padding-bottom: calc(100vw * 0.04); \"><div class=\"row-bg-wrap\" data-bg-animation=\"none\" data-bg-animation-delay=\"\" data-bg-overlay=\"true\"><div class=\"inner-wrap row-bg-layer using-image\" ><div class=\"row-bg viewport-desktop using-image using-bg-color\"  style=\"background-image: url(https:\/\/drayaelochoa.com\/wp-content\/uploads\/2025\/09\/health3.jpg); background-position: center top; background-repeat: no-repeat; background-color: #3C7791; \"><\/div><\/div><div class=\"row-bg-overlay row-bg-layer\" style=\"background: linear-gradient(to bottom,rgba(255,255,255,0.001) 25%,#3C7791 100%);  opacity: 1; \"><\/div><\/div><div class=\"row_col_wrap_12 col span_12 light left\">\n\t<div style=\"margin-top: 20%; \" class=\"vc_col-sm-6 wpb_column column_container vc_column_container col no-extra-padding inherit_tablet inherit_phone\"  data-padding-pos=\"all\" data-has-bg-color=\"false\" data-bg-color=\"\" data-bg-opacity=\"1\" data-animation=\"\" data-delay=\"0\" >\n\t\t<div class=\"vc_column-inner\" >\n\t\t\t<div class=\"wpb_wrapper\">\n\t\t\t\t<div class=\"nectar-split-heading\" data-align=\"default\" data-m-align=\"inherit\" data-text-effect=\"default\" data-animation-type=\"line-reveal-by-space\" data-animation-delay=\"0\" data-animation-offset=\"\" data-m-rm-animation=\"\" data-stagger=\"\" data-custom-font-size=\"false\" ><h2 >Condiciones de Salud que Tratamos<\/h2><\/div><div id=\"fws_6a0241ec87ed7\" data-midnight=\"\" data-column-margin=\"default\" class=\"wpb_row vc_row-fluid vc_row inner_row\"  style=\"\"><div class=\"row-bg-wrap\"> <div class=\"row-bg\" ><\/div> <\/div><div class=\"row_col_wrap_12_inner col span_12  left\">\n\t<div  class=\"vc_col-sm-12 wpb_column column_container vc_column_container col child_column has-animation no-extra-padding inherit_tablet inherit_phone\"   data-padding-pos=\"all\" data-has-bg-color=\"false\" data-bg-color=\"\" data-bg-opacity=\"1\" data-animation=\"fade-in-from-bottom\" data-delay=\"0\" >\n\t\t<div class=\"vc_column-inner\" >\n\t\t<div class=\"wpb_wrapper\">\n\t\t\t\n<div class=\"wpb_text_column wpb_content_element\" >\n\t<div class=\"wpb_wrapper\">\n\t\t<div style=\"text-align: justify;\">La medicina regenerativa se centra en restaurar la salud a nivel celular mediante terapias innovadoras que promueven la sanaci\u00f3n natural, la reparaci\u00f3n de tejidos y el bienestar general. Utilizando tratamientos avanzados como la terapia intravenosa de nutrientes, p\u00e9ptidos, proloterapia y desintoxicaci\u00f3n celular, la medicina regenerativa ayuda al cuerpo a recuperar el equilibrio, aumentar la vitalidad y retrasar los efectos del envejecimiento. Este enfoque integrativo no solo potencia la capacidad del cuerpo para sanarse a s\u00ed mismo, sino que tambi\u00e9n mejora la salud a largo plazo y la calidad de vida.<\/div>\n\t<\/div>\n<\/div>\n\n\n\n\n\t\t<\/div> \n\t<\/div>\n\t<\/div> \n<\/div><\/div>\n\t\t\t<\/div> \n\t\t<\/div>\n\t<\/div> \n\n\t<div  class=\"vc_col-sm-6 wpb_column column_container vc_column_container col no-extra-padding inherit_tablet inherit_phone\"  data-padding-pos=\"all\" data-has-bg-color=\"false\" data-bg-color=\"\" data-bg-opacity=\"1\" data-animation=\"\" data-delay=\"0\" >\n\t\t<div class=\"vc_column-inner\" >\n\t\t\t<div class=\"wpb_wrapper\">\n\t\t\t\t\n\t\t\t<\/div> \n\t\t<\/div>\n\t<\/div> \n<\/div><\/div>\n\t\t<div id=\"services\"  data-column-margin=\"default\" data-midnight=\"dark\" data-top-percent=\"7%\" data-bottom-percent=\"7%\"  class=\"wpb_row vc_row-fluid vc_row full-width-section\"  style=\"padding-top: calc(100vw * 0.07); padding-bottom: calc(100vw * 0.07); \"><div class=\"row-bg-wrap\" data-bg-animation=\"none\" data-bg-animation-delay=\"\" data-bg-overlay=\"true\"><div class=\"inner-wrap row-bg-layer\" ><div class=\"row-bg viewport-desktop using-bg-color\"  style=\"background-color: #3C7791; \"><\/div><\/div><div class=\"row-bg-overlay row-bg-layer\" style=\"background: #3C7791; background: linear-gradient(to bottom,#3C7791 0%,#69A5AF 100%);  opacity: 1; \"><\/div><\/div><div class=\"row_col_wrap_12 col span_12 dark left\">\n\t<div  class=\"vc_col-sm-4 wpb_column column_container vc_column_container col has-animation padding-1-percent inherit_tablet inherit_phone\"  data-padding-pos=\"all\" data-has-bg-color=\"false\" data-bg-color=\"\" data-bg-opacity=\"1\" data-animation=\"reveal-from-bottom\" data-delay=\"0\" >\n\t\t<div class=\"vc_column-inner\" >\n\t\t\t<div class=\"wpb_wrapper\">\n\t\t\t\t<div class=\"nectar-fancy-box using-img\" data-style=\"default\" data-animation=\"\" data-hover-o=\"default\" data-border-radius=\"default\" data-border=\"\" data-box-color-opacity=\"1\" data-delay=\"\" data-alignment=\"left\" data-color=\"accent-color\" ><div class=\"box-bg\" role=\"presentation\" ><\/div> <div class=\"inner\" style=\"min-height: 200px\">\n<h3>Deficiencias Nutricionales M\u00e9dicas<\/h3>\n<p>Atenci\u00f3n alternativa para deficiencias nutricionales mediante terapias espec\u00edficas.<\/div>   <\/div><div class=\"nectar-fancy-box using-img\" data-style=\"default\" data-animation=\"\" data-hover-o=\"default\" data-border-radius=\"default\" data-border=\"\" data-box-color-opacity=\"1\" data-delay=\"\" data-alignment=\"left\" data-color=\"accent-color\" ><div class=\"box-bg\" role=\"presentation\" ><\/div> <div class=\"inner\" style=\"min-height: 200px\">\n<h3>Desequilibrios Hormonales<\/h3>\n<p>Atenci\u00f3n integral para desequilibrios hormonales con enfoque en Medicina Regenerativa.<\/div>   <\/div><div class=\"nectar-fancy-box using-img\" data-style=\"default\" data-animation=\"\" data-hover-o=\"default\" data-border-radius=\"default\" data-border=\"\" data-box-color-opacity=\"1\" data-delay=\"\" data-alignment=\"left\" data-color=\"accent-color\" ><div class=\"box-bg\" role=\"presentation\" ><\/div> <div class=\"inner\" style=\"min-height: 200px\">\n<h3>Inflamaci\u00f3n Cr\u00f3nica<\/h3>\n<p>La Medicina Regenerativa reduce la inflamaci\u00f3n cr\u00f3nica y restaura la salud.<\/div>   <\/div><div class=\"nectar-fancy-box using-img\" data-style=\"default\" data-animation=\"\" data-hover-o=\"default\" data-border-radius=\"default\" data-border=\"\" data-box-color-opacity=\"1\" data-delay=\"\" data-alignment=\"left\" data-color=\"accent-color\" ><div class=\"box-bg\" role=\"presentation\" ><\/div> <div class=\"inner\" style=\"min-height: 200px\">\n<h3>S\u00edndrome Post-COVID<\/h3>\n<p>Las terapias alternativas apoyan la recuperaci\u00f3n y el equilibrio despu\u00e9s del COVID-19.<\/div>   <\/div><div class=\"nectar-fancy-box using-img\" data-style=\"default\" data-animation=\"\" data-hover-o=\"default\" data-border-radius=\"default\" data-border=\"\" data-box-color-opacity=\"1\" data-delay=\"\" data-alignment=\"left\" data-color=\"accent-color\" ><div class=\"box-bg\" role=\"presentation\" ><\/div> <div class=\"inner\" style=\"min-height: 200px\">\n<h3>Inflamaci\u00f3n Cr\u00f3nica Persistente<\/h3>\n<p>Las terapias hol\u00edsticas abordan la inflamaci\u00f3n persistente para restaurar el equilibrio.<\/div>   <\/div><div class=\"nectar-fancy-box using-img\" data-style=\"default\" data-animation=\"\" data-hover-o=\"default\" data-border-radius=\"default\" data-border=\"\" data-box-color-opacity=\"1\" data-delay=\"\" data-alignment=\"left\" data-color=\"accent-color\" ><div class=\"box-bg\" role=\"presentation\" ><\/div> <div class=\"inner\" style=\"min-height: 200px\">\n<h3>Trastornos Neurol\u00f3gicos (Enfoque Integrativo)<\/h3>\n<p>Terapias hol\u00edsticas para trastornos neurol\u00f3gicos con atenci\u00f3n integrativa.<\/div>   <\/div>\n\t\t\t<\/div> \n\t\t<\/div>\n\t<\/div> \n\n\t<div  class=\"vc_col-sm-4 wpb_column column_container vc_column_container col has-animation padding-1-percent inherit_tablet inherit_phone\"  data-padding-pos=\"all\" data-has-bg-color=\"false\" data-bg-color=\"\" data-bg-opacity=\"1\" data-animation=\"reveal-from-bottom\" data-delay=\"200\" >\n\t\t<div class=\"vc_column-inner\" >\n\t\t\t<div class=\"wpb_wrapper\">\n\t\t\t\t<div class=\"nectar-fancy-box using-img\" data-style=\"default\" data-animation=\"\" data-hover-o=\"default\" data-border-radius=\"default\" data-border=\"\" data-box-color-opacity=\"1\" data-delay=\"\" data-alignment=\"left\" data-color=\"accent-color\" ><div class=\"box-bg\" role=\"presentation\" ><\/div> <div class=\"inner\" style=\"min-height: 200px\">\n<h3>Manejo Ginecol\u00f3gico Integral<\/h3>\n<p>Atenci\u00f3n ginecol\u00f3gica integral con terapias alternativas e integrativas.<\/div>   <\/div><div class=\"nectar-fancy-box using-img\" data-style=\"default\" data-animation=\"\" data-hover-o=\"default\" data-border-radius=\"default\" data-border=\"\" data-box-color-opacity=\"1\" data-delay=\"\" data-alignment=\"left\" data-color=\"accent-color\" ><div class=\"box-bg\" role=\"presentation\" ><\/div> <div class=\"inner\" style=\"min-height: 200px\">\n<h3>Diabetes Mellitus<\/h3>\n<p>Las terapias de Medicina Regenerativa favorecen el equilibrio y el cuidado de la diabetes.<\/div>   <\/div><div class=\"nectar-fancy-box using-img\" data-style=\"default\" data-animation=\"\" data-hover-o=\"default\" data-border-radius=\"default\" data-border=\"\" data-box-color-opacity=\"1\" data-delay=\"\" data-alignment=\"left\" data-color=\"accent-color\" ><div class=\"box-bg\" role=\"presentation\" ><\/div> <div class=\"inner\" style=\"min-height: 200px\">\n<h3>Enfermedad Renal Cr\u00f3nica<\/h3>\n<p>Alternative support therapies for chronic kidney disease and wellness<\/div>   <\/div><div class=\"nectar-fancy-box using-img\" data-style=\"default\" data-animation=\"\" data-hover-o=\"default\" data-border-radius=\"default\" data-border=\"\" data-box-color-opacity=\"1\" data-delay=\"\" data-alignment=\"left\" data-color=\"accent-color\" ><div class=\"box-bg\" role=\"presentation\" ><\/div> <div class=\"inner\" style=\"min-height: 200px\">\n<h3>Fatiga Cr\u00f3nica y Fibromialgia<\/h3>\n<p>Terapias hol\u00edsticas para el manejo de la fatiga cr\u00f3nica y la fibromialgia.<\/div>   <\/div><div class=\"nectar-fancy-box using-img\" data-style=\"default\" data-animation=\"\" data-hover-o=\"default\" data-border-radius=\"default\" data-border=\"\" data-box-color-opacity=\"1\" data-delay=\"\" data-alignment=\"left\" data-color=\"accent-color\" ><div class=\"box-bg\" role=\"presentation\" ><\/div> <div class=\"inner\" style=\"min-height: 200px\">\n<h3>Secuelas Posteriores a Infarto de Miocardio<\/h3>\n<p>La Medicina Regenerativa apoya la recuperaci\u00f3n despu\u00e9s de un infarto agudo al miocardio.<\/div>   <\/div><div class=\"nectar-fancy-box using-img\" data-style=\"default\" data-animation=\"\" data-hover-o=\"default\" data-border-radius=\"default\" data-border=\"\" data-box-color-opacity=\"1\" data-delay=\"\" data-alignment=\"left\" data-color=\"accent-color\" ><div class=\"box-bg\" role=\"presentation\" ><\/div> <div class=\"inner\" style=\"min-height: 200px\">\n<h3>Trastornos de Tiroides (Enfoque Integrativo)<\/h3>\n<p>Las terapias alternativas apoyan el equilibrio de la tiroides con un enfoque integrativo.<\/div>   <\/div>\n\t\t\t<\/div> \n\t\t<\/div>\n\t<\/div> \n\n\t<div  class=\"vc_col-sm-4 wpb_column column_container vc_column_container col has-animation padding-1-percent inherit_tablet inherit_phone\"  data-padding-pos=\"all\" data-has-bg-color=\"false\" data-bg-color=\"\" data-bg-opacity=\"1\" data-animation=\"reveal-from-bottom\" data-delay=\"400\" >\n\t\t<div class=\"vc_column-inner\" >\n\t\t\t<div class=\"wpb_wrapper\">\n\t\t\t\t<div class=\"nectar-fancy-box using-img\" data-style=\"default\" data-animation=\"\" data-hover-o=\"default\" data-border-radius=\"default\" data-border=\"\" data-box-color-opacity=\"1\" data-delay=\"\" data-alignment=\"left\" data-color=\"accent-color\" ><div class=\"box-bg\" role=\"presentation\" ><\/div> <div class=\"inner\" style=\"min-height: 200px\">\n<h3>Desequilibrios Metab\u00f3licos<\/h3>\n<p>Tratamientos regenerativos para desequilibrios metab\u00f3licos que restauran el bienestar.<\/div>   <\/div><div class=\"nectar-fancy-box using-img\" data-style=\"default\" data-animation=\"\" data-hover-o=\"default\" data-border-radius=\"default\" data-border=\"\" data-box-color-opacity=\"1\" data-delay=\"\" data-alignment=\"left\" data-color=\"accent-color\" ><div class=\"box-bg\" role=\"presentation\" ><\/div> <div class=\"inner\" style=\"min-height: 200px\">\n<h3>Cancer<\/h3>\n<p>Las terapias alternativas complementarias apoyan la sanaci\u00f3n en el cuidado del c\u00e1ncer.<\/div>   <\/div><div class=\"nectar-fancy-box using-img\" data-style=\"default\" data-animation=\"\" data-hover-o=\"default\" data-border-radius=\"default\" data-border=\"\" data-box-color-opacity=\"1\" data-delay=\"\" data-alignment=\"left\" data-color=\"accent-color\" ><div class=\"box-bg\" role=\"presentation\" ><\/div> <div class=\"inner\" style=\"min-height: 200px\">\n<h3>Obesidad o Sobrepeso<\/h3>\n<p>Terapias hol\u00edsticas alternativas para el manejo de la obesidad y la restauraci\u00f3n del equilibrio.<\/div>   <\/div><div class=\"nectar-fancy-box using-img\" data-style=\"default\" data-animation=\"\" data-hover-o=\"default\" data-border-radius=\"default\" data-border=\"\" data-box-color-opacity=\"1\" data-delay=\"\" data-alignment=\"left\" data-color=\"accent-color\" ><div class=\"box-bg\" role=\"presentation\" ><\/div> <div class=\"inner\" style=\"min-height: 200px\">\n<h3>Envejecimiento Prematuro<\/h3>\n<p>Las terapias alternativas antienvejecimiento restauran la vitalidad y la salud celular.<\/div>   <\/div><div class=\"nectar-fancy-box using-img\" data-style=\"default\" data-animation=\"\" data-hover-o=\"default\" data-border-radius=\"default\" data-border=\"\" data-box-color-opacity=\"1\" data-delay=\"\" data-alignment=\"left\" data-color=\"accent-color\" ><div class=\"box-bg\" role=\"presentation\" ><\/div> <div class=\"inner\" style=\"min-height: 200px\">\n<h3>Aterosclerosis y Trastornos Vasculares<\/h3>\n<p>Las terapias alternativas apoyan la salud vascular y combaten la aterosclerosis.<\/div>   <\/div><div class=\"nectar-fancy-box using-img\" data-style=\"default\" data-animation=\"\" data-hover-o=\"default\" data-border-radius=\"default\" data-border=\"\" data-box-color-opacity=\"1\" data-delay=\"\" data-alignment=\"left\" data-color=\"accent-color\" ><div class=\"box-bg\" role=\"presentation\" ><\/div> <div class=\"inner\" style=\"min-height: 200px\">\n<h3>Inmunodeficiencias<\/h3>\n<p>Los tratamientos regenerativos fortalecen el sistema inmunol\u00f3gico y apoyan las defensas del cuerpo.<\/div>   <\/div>\n\t\t\t<\/div> \n\t\t<\/div>\n\t<\/div> \n<\/div><\/div>","protected":false},"excerpt":{"rendered":"Health Conditions We Treat Regenerative medicine focuses on restoring health at the cellular level through innovative therapies that promote natural healing, tissue repair, and overall...","protected":false},"author":2,"featured_media":0,"parent":0,"menu_order":0,"comment_status":"closed","ping_status":"closed","template":"","meta":{"_joinchat":[],"footnotes":""},"class_list":["post-5947","page","type-page","status-publish"],"_hostinger_reach_plugin_has_subscription_block":false,"_hostinger_reach_plugin_is_elementor":false,"_links":{"self":[{"href":"https:\/\/drayaelochoa.com\/es\/wp-json\/wp\/v2\/pages\/5947","targetHints":{"allow":["GET"]}}],"collection":[{"href":"https:\/\/drayaelochoa.com\/es\/wp-json\/wp\/v2\/pages"}],"about":[{"href":"https:\/\/drayaelochoa.com\/es\/wp-json\/wp\/v2\/types\/page"}],"author":[{"embeddable":true,"href":"https:\/\/drayaelochoa.com\/es\/wp-json\/wp\/v2\/users\/2"}],"replies":[{"embeddable":true,"href":"https:\/\/drayaelochoa.com\/es\/wp-json\/wp\/v2\/comments?post=5947"}],"version-history":[{"count":22,"href":"https:\/\/drayaelochoa.com\/es\/wp-json\/wp\/v2\/pages\/5947\/revisions"}],"predecessor-version":[{"id":6071,"href":"https:\/\/drayaelochoa.com\/es\/wp-json\/wp\/v2\/pages\/5947\/revisions\/6071"}],"wp:attachment":[{"href":"https:\/\/drayaelochoa.com\/es\/wp-json\/wp\/v2\/media?parent=5947"}],"curies":[{"name":"wp","href":"https:\/\/api.w.org\/{rel}","templated":true}]}}