{"id":5927,"date":"2025-09-27T17:49:48","date_gmt":"2025-09-27T17:49:48","guid":{"rendered":"https:\/\/drayaelochoa.com\/?page_id=5927"},"modified":"2025-10-02T17:26:03","modified_gmt":"2025-10-02T17:26:03","slug":"regenerative-medicine-treatments","status":"publish","type":"page","link":"https:\/\/drayaelochoa.com\/es\/regenerative-medicine-treatments\/","title":{"rendered":"Tratamientos de Medicina Regenerativa"},"content":{"rendered":"<div id=\"fws_6a0241ed62fdb\"  data-column-margin=\"default\" data-midnight=\"dark\"  class=\"wpb_row vc_row-fluid vc_row full-width-content vc_row-o-equal-height vc_row-flex vc_row-o-content-top\"  style=\"padding-top: 0px; padding-bottom: 0px; \"><div class=\"row-bg-wrap\" data-bg-animation=\"none\" data-bg-animation-delay=\"\" data-bg-overlay=\"false\"><div class=\"inner-wrap row-bg-layer\" ><div class=\"row-bg viewport-desktop\"  style=\"\"><\/div><\/div><\/div><div class=\"row_col_wrap_12 col span_12 dark left\">\n\t<div  class=\"vc_col-sm-12 wpb_column column_container vc_column_container col no-extra-padding inherit_tablet inherit_phone\"  data-padding-pos=\"all\" data-has-bg-color=\"false\" data-bg-color=\"\" data-bg-opacity=\"1\" data-animation=\"\" data-delay=\"0\" >\n\t\t<div class=\"vc_column-inner\" >\n\t\t\t<div class=\"wpb_wrapper\">\n\t\t\t\t<div id=\"fws_6a0241ed632f0\" data-midnight=\"\" data-column-margin=\"default\" class=\"wpb_row vc_row-fluid vc_row inner_row\"  style=\"\"><div class=\"row-bg-wrap\"> <div class=\"row-bg\" ><\/div> <\/div><div class=\"row_col_wrap_12_inner col span_12  left\">\n\t<div  class=\"vc_col-sm-3 wpb_column column_container vc_column_container col child_column no-extra-padding inherit_tablet inherit_phone\"   data-padding-pos=\"all\" data-has-bg-color=\"false\" data-bg-color=\"\" data-bg-opacity=\"1\" data-animation=\"\" data-delay=\"0\" >\n\t\t<div class=\"vc_column-inner\" >\n\t\t<div class=\"wpb_wrapper\">\n\t\t\t<div class=\"nectar-fancy-box style-5 using-img\" data-align=\"middle\" data-overlay-opacity=\"0.6\" data-overlay-opacity-hover=\"0.2\" data-style=\"parallax_hover\" data-border-radius=\"default\" data-animation=\"\" data-delay=\"\" data-color=\"accent-color\"><div class=\"parallaxImg\"><div class=\"parallaxImg-layer\" data-img=\"https:\/\/drayaelochoa.com\/wp-content\/uploads\/2025\/09\/1212024377-612x612-1.jpg\"><\/div><div class=\"parallaxImg-layer\"> <div class=\"meta-wrap\" style=\"min-height: 600px\"><div class=\"inner\">\n<h3>Medicina Ortomolecular<\/h3>\n<h5>La medicina ortomolecular restaura el equilibrio mediante terapias de nutrientes dirigidas.<\/h5>\n<\/div> <\/div><\/div><\/div><\/div>\n\t\t<\/div> \n\t<\/div>\n\t<\/div> \n\n\t<div  class=\"vc_col-sm-3 wpb_column column_container vc_column_container col child_column no-extra-padding inherit_tablet inherit_phone\"   data-padding-pos=\"all\" data-has-bg-color=\"false\" data-bg-color=\"\" data-bg-opacity=\"1\" data-animation=\"\" data-delay=\"0\" >\n\t\t<div class=\"vc_column-inner\" >\n\t\t<div class=\"wpb_wrapper\">\n\t\t\t<div class=\"nectar-fancy-box style-5 using-img\" data-align=\"middle\" data-overlay-opacity=\"0.6\" data-overlay-opacity-hover=\"0.2\" data-style=\"parallax_hover\" data-border-radius=\"default\" data-animation=\"\" data-delay=\"\" data-color=\"accent-color\"><div class=\"parallaxImg\"><div class=\"parallaxImg-layer\" data-img=\"https:\/\/drayaelochoa.com\/wp-content\/uploads\/2025\/09\/2180669696-612x612-1.jpg\"><\/div><div class=\"parallaxImg-layer\"> <div class=\"meta-wrap\" style=\"min-height: 600px\"><div class=\"inner\">\n<h3><strong data-start=\"268\" data-end=\"290\">Terapia Biol\u00f3gica<\/strong><\/h3>\n<h5>La terapia biol\u00f3gica fortalece las defensas naturales para restaurar la salud del cuerpo de manera segura.<\/h5>\n<\/div> <\/div><\/div><\/div><\/div>\n\t\t<\/div> \n\t<\/div>\n\t<\/div> \n\n\t<div  class=\"vc_col-sm-3 wpb_column column_container vc_column_container col child_column no-extra-padding inherit_tablet inherit_phone\"   data-padding-pos=\"all\" data-has-bg-color=\"false\" data-bg-color=\"\" data-bg-opacity=\"1\" data-animation=\"\" data-delay=\"0\" >\n\t\t<div class=\"vc_column-inner\" >\n\t\t<div class=\"wpb_wrapper\">\n\t\t\t<div class=\"nectar-fancy-box style-5 using-img\" data-align=\"middle\" data-overlay-opacity=\"0.6\" data-overlay-opacity-hover=\"0.2\" data-style=\"parallax_hover\" data-border-radius=\"default\" data-animation=\"\" data-delay=\"\" data-color=\"accent-color\"><a  href=\"#\" class=\"box-link\"><\/a><div class=\"parallaxImg\"><div class=\"parallaxImg-layer\" data-img=\"https:\/\/drayaelochoa.com\/wp-content\/uploads\/2025\/09\/dia-cancer.jpg\"><\/div><div class=\"parallaxImg-layer\"> <div class=\"meta-wrap\" style=\"min-height: 600px\"><div class=\"inner\">\n<h3><strong data-start=\"377\" data-end=\"409\">Terapia Complementaria para el C\u00e1ncer<\/strong><\/h3>\n<h5>Complementary cancer therapy supports healing with holistic medical care<\/h5>\n<\/div> <\/div><\/div><\/div><\/div>\n\t\t<\/div> \n\t<\/div>\n\t<\/div> \n\n\t<div  class=\"vc_col-sm-3 wpb_column column_container vc_column_container col child_column no-extra-padding inherit_tablet inherit_phone\"   data-padding-pos=\"all\" data-has-bg-color=\"false\" data-bg-color=\"\" data-bg-opacity=\"1\" data-animation=\"\" data-delay=\"0\" >\n\t\t<div class=\"vc_column-inner\" >\n\t\t<div class=\"wpb_wrapper\">\n\t\t\t<div class=\"nectar-fancy-box style-5 using-img\" data-align=\"middle\" data-overlay-opacity=\"0.6\" data-overlay-opacity-hover=\"0.2\" data-style=\"parallax_hover\" data-border-radius=\"default\" data-animation=\"\" data-delay=\"\" data-color=\"accent-color\"><a  href=\"#\" class=\"box-link\"><\/a><div class=\"parallaxImg\"><div class=\"parallaxImg-layer\" data-img=\"https:\/\/drayaelochoa.com\/wp-content\/uploads\/2025\/09\/infusion_therapy.jpg\"><\/div><div class=\"parallaxImg-layer\"> <div class=\"meta-wrap\" style=\"min-height: 600px\"><div class=\"inner\">\n<h3><strong data-start=\"496\" data-end=\"531\">Terapia Intravenosa Especializada<\/strong><\/h3>\n<h5>Specialized IV therapy delivers essential nutrients for energy and wellness<\/h5>\n<\/div> <\/div><\/div><\/div><\/div>\n\t\t<\/div> \n\t<\/div>\n\t<\/div> \n<\/div><\/div><div id=\"fws_6a0241ed65400\" data-midnight=\"\" data-column-margin=\"default\" class=\"wpb_row vc_row-fluid vc_row inner_row\"  style=\"\"><div class=\"row-bg-wrap\"> <div class=\"row-bg\" ><\/div> <\/div><div class=\"row_col_wrap_12_inner col span_12  left\">\n\t<div  class=\"vc_col-sm-3 wpb_column column_container vc_column_container col child_column no-extra-padding inherit_tablet inherit_phone\"   data-padding-pos=\"all\" data-has-bg-color=\"false\" data-bg-color=\"\" data-bg-opacity=\"1\" data-animation=\"\" data-delay=\"0\" >\n\t\t<div class=\"vc_column-inner\" >\n\t\t<div class=\"wpb_wrapper\">\n\t\t\t<div class=\"nectar-fancy-box style-5 using-img\" data-align=\"middle\" data-overlay-opacity=\"0.6\" data-overlay-opacity-hover=\"0.2\" data-style=\"parallax_hover\" data-border-radius=\"default\" data-animation=\"\" data-delay=\"\" data-color=\"accent-color\"><div class=\"parallaxImg\"><div class=\"parallaxImg-layer\" data-img=\"https:\/\/drayaelochoa.com\/wp-content\/uploads\/2025\/09\/stem-cells.jpg\"><\/div><div class=\"parallaxImg-layer\"> <div class=\"meta-wrap\" style=\"min-height: 600px\"><div class=\"inner\">\n<h3>P\u00e9ptidos Liofilizados Espec\u00edficos para \u00d3rganos<\/h3>\n<h5>Los p\u00e9ptidos espec\u00edficos para \u00f3rganos favorecen la reparaci\u00f3n y regeneraci\u00f3n celular de manera natural.<\/h5>\n<\/div> <\/div><\/div><\/div><\/div>\n\t\t<\/div> \n\t<\/div>\n\t<\/div> \n\n\t<div  class=\"vc_col-sm-3 wpb_column column_container vc_column_container col child_column no-extra-padding inherit_tablet inherit_phone\"   data-padding-pos=\"all\" data-has-bg-color=\"false\" data-bg-color=\"\" data-bg-opacity=\"1\" data-animation=\"\" data-delay=\"0\" >\n\t\t<div class=\"vc_column-inner\" >\n\t\t<div class=\"wpb_wrapper\">\n\t\t\t<div class=\"nectar-fancy-box style-5 using-img\" data-align=\"middle\" data-overlay-opacity=\"0.6\" data-overlay-opacity-hover=\"0.2\" data-style=\"parallax_hover\" data-border-radius=\"default\" data-animation=\"\" data-delay=\"\" data-color=\"accent-color\"><div class=\"parallaxImg\"><div class=\"parallaxImg-layer\" data-img=\"https:\/\/drayaelochoa.com\/wp-content\/uploads\/2025\/09\/2211982028-612x612-1.jpg\"><\/div><div class=\"parallaxImg-layer\"> <div class=\"meta-wrap\" style=\"min-height: 600px\"><div class=\"inner\">\n<h3>Limpieza de Plasma<\/h3>\n<h5>La limpieza con plasma desintoxica la sangre, mejorando la circulaci\u00f3n y la salud general del cuerpo.<\/h5>\n<\/div> <\/div><\/div><\/div><\/div>\n\t\t<\/div> \n\t<\/div>\n\t<\/div> \n\n\t<div  class=\"vc_col-sm-3 wpb_column column_container vc_column_container col child_column no-extra-padding inherit_tablet inherit_phone\"   data-padding-pos=\"all\" data-has-bg-color=\"false\" data-bg-color=\"\" data-bg-opacity=\"1\" data-animation=\"\" data-delay=\"0\" >\n\t\t<div class=\"vc_column-inner\" >\n\t\t<div class=\"wpb_wrapper\">\n\t\t\t<div class=\"nectar-fancy-box style-5 using-img\" data-align=\"middle\" data-overlay-opacity=\"0.6\" data-overlay-opacity-hover=\"0.2\" data-style=\"parallax_hover\" data-border-radius=\"default\" data-animation=\"\" data-delay=\"\" data-color=\"accent-color\"><a  href=\"#\" class=\"box-link\"><\/a><div class=\"parallaxImg\"><div class=\"parallaxImg-layer\" data-img=\"https:\/\/drayaelochoa.com\/wp-content\/uploads\/2025\/09\/dolor_cronico.webp\"><\/div><div class=\"parallaxImg-layer\"> <div class=\"meta-wrap\" style=\"min-height: 600px\"><div class=\"inner\">\n<h3>Proloterapia<\/h3>\n<h5>Prolotherapy stimulates healing of joints, ligaments, and chronic pain<\/h5>\n<\/div> <\/div><\/div><\/div><\/div>\n\t\t<\/div> \n\t<\/div>\n\t<\/div> \n\n\t<div  class=\"vc_col-sm-3 wpb_column column_container vc_column_container col child_column no-extra-padding inherit_tablet inherit_phone\"   data-padding-pos=\"all\" data-has-bg-color=\"false\" data-bg-color=\"\" data-bg-opacity=\"1\" data-animation=\"\" data-delay=\"0\" >\n\t\t<div class=\"vc_column-inner\" >\n\t\t<div class=\"wpb_wrapper\">\n\t\t\t<div class=\"nectar-fancy-box style-5 using-img\" data-align=\"middle\" data-overlay-opacity=\"0.6\" data-overlay-opacity-hover=\"0.2\" data-style=\"parallax_hover\" data-border-radius=\"default\" data-animation=\"\" data-delay=\"\" data-color=\"accent-color\"><a  href=\"#\" class=\"box-link\"><\/a><div class=\"parallaxImg\"><div class=\"parallaxImg-layer\" data-img=\"https:\/\/drayaelochoa.com\/wp-content\/uploads\/2025\/09\/mitochondrie.jpg\"><\/div><div class=\"parallaxImg-layer\"> <div class=\"meta-wrap\" style=\"min-height: 600px\"><div class=\"inner\">\n<h3>Restauraci\u00f3n de la Salud Mitocondrial<\/h3>\n<h5>Mitochondrial restoration boosts cellular energy, vitality, and longevity<\/h5>\n<\/div> <\/div><\/div><\/div><\/div>\n\t\t<\/div> \n\t<\/div>\n\t<\/div> \n<\/div><\/div><div id=\"fws_6a0241ed67546\" data-midnight=\"\" data-column-margin=\"default\" class=\"wpb_row vc_row-fluid vc_row inner_row\"  style=\"\"><div class=\"row-bg-wrap\"> <div class=\"row-bg\" ><\/div> <\/div><div class=\"row_col_wrap_12_inner col span_12  left\">\n\t<div  class=\"vc_col-sm-3 wpb_column column_container vc_column_container col child_column no-extra-padding inherit_tablet inherit_phone\"   data-padding-pos=\"all\" data-has-bg-color=\"false\" data-bg-color=\"\" data-bg-opacity=\"1\" data-animation=\"\" data-delay=\"0\" >\n\t\t<div class=\"vc_column-inner\" >\n\t\t<div class=\"wpb_wrapper\">\n\t\t\t<div class=\"nectar-fancy-box style-5 using-img\" data-align=\"middle\" data-overlay-opacity=\"0.6\" data-overlay-opacity-hover=\"0.2\" data-style=\"parallax_hover\" data-border-radius=\"default\" data-animation=\"\" data-delay=\"\" data-color=\"accent-color\"><div class=\"parallaxImg\"><div class=\"parallaxImg-layer\" data-img=\"https:\/\/drayaelochoa.com\/wp-content\/uploads\/2025\/09\/2188060332-612x612-1.jpg\"><\/div><div class=\"parallaxImg-layer\"> <div class=\"meta-wrap\" style=\"min-height: 600px\"><div class=\"inner\">\n<h3>Restauraci\u00f3n del ADN Celular<\/h3>\n<h5>La restauraci\u00f3n del ADN celular promueve la reparaci\u00f3n, regeneraci\u00f3n y el equilibrio de la salud.<\/h5>\n<\/div> <\/div><\/div><\/div><\/div>\n\t\t<\/div> \n\t<\/div>\n\t<\/div> \n\n\t<div  class=\"vc_col-sm-3 wpb_column column_container vc_column_container col child_column no-extra-padding inherit_tablet inherit_phone\"   data-padding-pos=\"all\" data-has-bg-color=\"false\" data-bg-color=\"\" data-bg-opacity=\"1\" data-animation=\"\" data-delay=\"0\" >\n\t\t<div class=\"vc_column-inner\" >\n\t\t<div class=\"wpb_wrapper\">\n\t\t\t<div class=\"nectar-fancy-box style-5 using-img\" data-align=\"middle\" data-overlay-opacity=\"0.6\" data-overlay-opacity-hover=\"0.2\" data-style=\"parallax_hover\" data-border-radius=\"default\" data-animation=\"\" data-delay=\"\" data-color=\"accent-color\"><div class=\"parallaxImg\"><div class=\"parallaxImg-layer\" data-img=\"https:\/\/drayaelochoa.com\/wp-content\/uploads\/2025\/09\/d88eb139-c6bb-4428-9fb8-39db43317d2d-iStock-1335033345.jpg\"><\/div><div class=\"parallaxImg-layer\"> <div class=\"meta-wrap\" style=\"min-height: 600px\"><div class=\"inner\">\n<h3>Desintoxicaci\u00f3n Celular<\/h3>\n<h5>La desintoxicaci\u00f3n celular elimina toxinas, favoreciendo la sanaci\u00f3n y la renovaci\u00f3n del cuerpo.<\/h5>\n<\/div> <\/div><\/div><\/div><\/div>\n\t\t<\/div> \n\t<\/div>\n\t<\/div> \n\n\t<div  class=\"vc_col-sm-3 wpb_column column_container vc_column_container col child_column no-extra-padding inherit_tablet inherit_phone\"   data-padding-pos=\"all\" data-has-bg-color=\"false\" data-bg-color=\"\" data-bg-opacity=\"1\" data-animation=\"\" data-delay=\"0\" >\n\t\t<div class=\"vc_column-inner\" >\n\t\t<div class=\"wpb_wrapper\">\n\t\t\t\n\t\t<\/div> \n\t<\/div>\n\t<\/div> \n\n\t<div  class=\"vc_col-sm-3 wpb_column column_container vc_column_container col child_column no-extra-padding inherit_tablet inherit_phone\"   data-padding-pos=\"all\" data-has-bg-color=\"false\" data-bg-color=\"\" data-bg-opacity=\"1\" data-animation=\"\" data-delay=\"0\" >\n\t\t<div class=\"vc_column-inner\" >\n\t\t<div class=\"wpb_wrapper\">\n\t\t\t\n\t\t<\/div> \n\t<\/div>\n\t<\/div> \n<\/div><\/div>\n\t\t\t<\/div> \n\t\t<\/div>\n\t<\/div> \n<\/div><\/div>","protected":false},"excerpt":{"rendered":"Orthomolecular Medicine Orthomolecular medicine restores balance with targeted nutrient therapy Biological Therapy Biological therapy boosts natural defenses to restore body health safely Complementary Cancer Therapy...","protected":false},"author":2,"featured_media":0,"parent":0,"menu_order":0,"comment_status":"closed","ping_status":"closed","template":"","meta":{"_joinchat":[],"footnotes":""},"class_list":["post-5927","page","type-page","status-publish"],"_hostinger_reach_plugin_has_subscription_block":false,"_hostinger_reach_plugin_is_elementor":false,"_links":{"self":[{"href":"https:\/\/drayaelochoa.com\/es\/wp-json\/wp\/v2\/pages\/5927","targetHints":{"allow":["GET"]}}],"collection":[{"href":"https:\/\/drayaelochoa.com\/es\/wp-json\/wp\/v2\/pages"}],"about":[{"href":"https:\/\/drayaelochoa.com\/es\/wp-json\/wp\/v2\/types\/page"}],"author":[{"embeddable":true,"href":"https:\/\/drayaelochoa.com\/es\/wp-json\/wp\/v2\/users\/2"}],"replies":[{"embeddable":true,"href":"https:\/\/drayaelochoa.com\/es\/wp-json\/wp\/v2\/comments?post=5927"}],"version-history":[{"count":12,"href":"https:\/\/drayaelochoa.com\/es\/wp-json\/wp\/v2\/pages\/5927\/revisions"}],"predecessor-version":[{"id":5929,"href":"https:\/\/drayaelochoa.com\/es\/wp-json\/wp\/v2\/pages\/5927\/revisions\/5929"}],"wp:attachment":[{"href":"https:\/\/drayaelochoa.com\/es\/wp-json\/wp\/v2\/media?parent=5927"}],"curies":[{"name":"wp","href":"https:\/\/api.w.org\/{rel}","templated":true}]}}