{"id":214,"date":"2017-09-01T18:48:25","date_gmt":"2017-09-01T18:48:25","guid":{"rendered":"http:\/\/themenectar.com\/demo\/salient-corporate-2\/?page_id=214"},"modified":"2026-01-10T21:00:51","modified_gmt":"2026-01-10T21:00:51","slug":"contact-us","status":"publish","type":"page","link":"https:\/\/drayaelochoa.com\/es\/contact-us\/","title":{"rendered":"Contactanos"},"content":{"rendered":"<div id=\"fws_6a0241d03fbe1\"  data-column-margin=\"default\" data-midnight=\"dark\" data-top-percent=\"14%\"  class=\"wpb_row vc_row-fluid vc_row full-width-section  zindex-set\"  style=\"padding-top: calc(100vw * 0.14); padding-bottom: 0px;  z-index: 100;\"><div class=\"row-bg-wrap\" data-bg-animation=\"none\" data-bg-animation-delay=\"\" data-bg-overlay=\"true\"><div class=\"inner-wrap row-bg-layer using-image\" ><div class=\"row-bg viewport-desktop using-image\"  style=\"background-image: url(https:\/\/drayaelochoa.com\/wp-content\/uploads\/2025\/09\/human-5533242_1920.jpg); background-position: center center; background-repeat: no-repeat; \"><\/div><\/div><div class=\"row-bg-overlay row-bg-layer\" style=\"background: #3477B2B8; background: linear-gradient(135deg,#3477B2B8 0%,#35EBA9BA 100%);  opacity: 0.95; \"><\/div><\/div><div class=\"row_col_wrap_12 col span_12 dark left\">\n\t<div  class=\"vc_col-sm-12 wpb_column column_container vc_column_container col no-extra-padding inherit_tablet inherit_phone\"  data-padding-pos=\"all\" data-has-bg-color=\"false\" data-bg-color=\"\" data-bg-opacity=\"1\" data-animation=\"\" data-delay=\"0\" >\n\t\t<div class=\"vc_column-inner\" >\n\t\t\t<div class=\"wpb_wrapper\">\n\t\t\t\t<div id=\"fws_6a0241d0404d0\" data-midnight=\"\" data-column-margin=\"default\" class=\"wpb_row vc_row-fluid vc_row inner_row\"  style=\"padding-bottom: 7%; \"><div class=\"row-bg-wrap\"> <div class=\"row-bg\" ><\/div> <\/div><div class=\"row_col_wrap_12_inner col span_12  left\">\n\t<div style=\" color: #ffffff;\" class=\"vc_col-sm-12 wpb_column column_container vc_column_container col child_column centered-text no-extra-padding inherit_tablet inherit_phone\" data-cfc=\"true\"  data-padding-pos=\"all\" data-has-bg-color=\"false\" data-bg-color=\"\" data-bg-opacity=\"1\" data-animation=\"\" data-delay=\"0\" >\n\t\t<div class=\"vc_column-inner\" >\n\t\t<div class=\"wpb_wrapper\">\n\t\t\t\n<div class=\"wpb_text_column wpb_content_element\" >\n\t<div class=\"wpb_wrapper\">\n\t\t<h5><\/h5>\n<p data-start=\"345\" data-end=\"436\"><strong data-start=\"345\" data-end=\"434\">Contacta con la Dra. Yael Ochoa \u2013 Medicina Regenerativa en Nuevo Vallarta y Puerto Vallarta, M\u00e9xico<\/strong><\/p>\n<h3 data-start=\"438\" data-end=\"461\"><\/h3>\n\t<\/div>\n<\/div>\n\n\n\n\n\t\t<\/div> \n\t<\/div>\n\t<\/div> \n<\/div><\/div><div id=\"fws_6a0241d040f80\" data-midnight=\"\" data-column-margin=\"default\" class=\"wpb_row vc_row-fluid vc_row inner_row\"  style=\"\"><div class=\"row-bg-wrap\"> <div class=\"row-bg\" ><\/div> <\/div><div class=\"row_col_wrap_12_inner col span_12  left\">\n\t<div style=\"margin-bottom: -25%; \" class=\"vc_col-sm-8 wpb_column column_container vc_column_container col child_column has-animation padding-6-percent inherit_tablet inherit_phone\"  data-using-bg=\"true\" data-shadow=\"x_large_depth\" data-border-radius=\"10px\" data-padding-pos=\"all\" data-has-bg-color=\"true\" data-bg-color=\"#ffffff\" data-bg-opacity=\"1\" data-animation=\"grow-in\" data-delay=\"0\" >\n\t\t<div class=\"vc_column-inner\" ><div class=\"column-bg-overlay-wrap column-bg-layer\" data-bg-animation=\"none\"><div class=\"column-bg-overlay\" style=\"opacity: 1; background-color: #ffffff;\"><\/div><\/div>\n\t\t<div class=\"wpb_wrapper\">\n\t\t\t\n<div class=\"wpb_text_column wpb_content_element\" >\n\t<div class=\"wpb_wrapper\">\n\t\t<h5 style=\"text-align: center;\"><\/h5>\n<h3 style=\"text-align: center;\">Inicia tu camino hacia una salud \u00f3ptima con la Dra. Yael Ochoa. Por favor, completa el formulario a continuaci\u00f3n y nuestro equipo se pondr\u00e1 en contacto contigo a la brevedad para ayudarte con tu solicitud de consulta.<\/h3>\n\t<\/div>\n<\/div>\n\n\n\n<style id=\"wpforms-css-vars-5855\">\n\t\t\t\t#wpforms-5855 {\n\t\t\t\t--wpforms-container-padding: 0px;\n--wpforms-container-border-width: 1px;\n--wpforms-container-border-radius: 3px;\n--wpforms-background-color: rgba(0, 0, 0, 0);\n--wpforms-field-size-input-height: 43px;\n--wpforms-field-size-input-spacing: 15px;\n--wpforms-field-size-font-size: 16px;\n--wpforms-field-size-line-height: 19px;\n--wpforms-field-size-padding-h: 14px;\n--wpforms-field-size-checkbox-size: 16px;\n--wpforms-field-size-sublabel-spacing: 5px;\n--wpforms-field-size-icon-size: 1;\n--wpforms-label-size-font-size: 16px;\n--wpforms-label-size-line-height: 19px;\n--wpforms-label-size-sublabel-font-size: 14px;\n--wpforms-label-size-sublabel-line-height: 17px;\n--wpforms-button-size-font-size: 17px;\n--wpforms-button-size-height: 41px;\n--wpforms-button-size-padding-h: 15px;\n--wpforms-button-size-margin-top: 10px;\n--wpforms-container-shadow-size-box-shadow: none;\n\t\t\t}\n\t\t\t<\/style><div class=\"wpforms-container wpforms-container-full wpforms-render-modern\" id=\"wpforms-5855\"><form id=\"wpforms-form-5855\" class=\"wpforms-validate wpforms-form wpforms-ajax-form\" data-formid=\"5855\" method=\"post\" enctype=\"multipart\/form-data\" action=\"\/es\/wp-json\/wp\/v2\/pages\/214\" data-token=\"00aadaef0ed8da07cdb4169441119437\" data-token-time=\"1778532816\" data-trp-original-action=\"\/es\/wp-json\/wp\/v2\/pages\/214\"><noscript class=\"wpforms-error-noscript\">Por favor, activa JavaScript en tu navegador para completar este formulario.<\/noscript><div id=\"wpforms-error-noscript\" style=\"display: none;\">Por favor, activa JavaScript en tu navegador para completar este formulario.<\/div><div class=\"wpforms-field-container\"><div id=\"wpforms-5855-field_1-container\" class=\"wpforms-field wpforms-field-name\" data-field-id=\"1\"><fieldset><legend class=\"wpforms-field-label\">Nombre <span class=\"wpforms-required-label\" aria-hidden=\"true\">*<\/span><\/legend><div class=\"wpforms-field-row wpforms-field-medium\"><div class=\"wpforms-field-row-block wpforms-first wpforms-one-half\"><input type=\"text\" id=\"wpforms-5855-field_1\" class=\"wpforms-field-name-first wpforms-field-required\" name=\"wpforms[fields][1][first]\" aria-errormessage=\"wpforms-5855-field_1-error\" required><label for=\"wpforms-5855-field_1\" class=\"wpforms-field-sublabel after\">Nombre<\/label><\/div><div class=\"wpforms-field-row-block wpforms-one-half\"><input type=\"text\" id=\"wpforms-5855-field_1-last\" class=\"wpforms-field-name-last wpforms-field-required\" name=\"wpforms[fields][1][last]\" aria-errormessage=\"wpforms-5855-field_1-last-error\" required><label for=\"wpforms-5855-field_1-last\" class=\"wpforms-field-sublabel after\">Apellidos<\/label><\/div><\/div><\/fieldset><\/div><div id=\"wpforms-5855-field_2-container\" class=\"wpforms-field wpforms-field-email\" data-field-id=\"2\"><label class=\"wpforms-field-label\" for=\"wpforms-5855-field_2\">Email <span class=\"wpforms-required-label\" aria-hidden=\"true\">*<\/span><\/label><input type=\"email\" id=\"wpforms-5855-field_2\" class=\"wpforms-field-medium wpforms-field-required\" name=\"wpforms[fields][2]\" spellcheck=\"false\" aria-errormessage=\"wpforms-5855-field_2-error\" required><\/div><div id=\"wpforms-5855-field_4-container\" class=\"wpforms-field wpforms-field-text\" data-field-id=\"4\"><label class=\"wpforms-field-label\" for=\"wpforms-5855-field_4\">Telefono <span class=\"wpforms-required-label\" aria-hidden=\"true\">*<\/span><\/label><input type=\"text\" id=\"wpforms-5855-field_4\" class=\"wpforms-field-medium wpforms-field-required\" name=\"wpforms[fields][4]\" aria-errormessage=\"wpforms-5855-field_4-error\" required><\/div>\t\t<div id=\"wpforms-5855-field_5-container\"\n\t\t\tclass=\"wpforms-field wpforms-field-text\"\n\t\t\tdata-field-type=\"text\"\n\t\t\tdata-field-id=\"5\"\n\t\t\t>\n\t\t\t<label class=\"wpforms-field-label\" for=\"wpforms-5855-field_5\" >or Email Name<\/label>\n\t\t\t<input type=\"text\" id=\"wpforms-5855-field_5\" class=\"wpforms-field-medium\" name=\"wpforms[fields][5]\" >\n\t\t<\/div>\n\t\t<div id=\"wpforms-5855-field_3-container\" class=\"wpforms-field wpforms-field-textarea\" data-field-id=\"3\"><label class=\"wpforms-field-label\" for=\"wpforms-5855-field_3\">Comentarios o Mensaje <span class=\"wpforms-required-label\" aria-hidden=\"true\">*<\/span><\/label><textarea id=\"wpforms-5855-field_3\" class=\"wpforms-field-medium wpforms-field-required\" name=\"wpforms[fields][3]\" aria-errormessage=\"wpforms-5855-field_3-error\" required><\/textarea><\/div><script>\n\t\t\t\t( function() {\n\t\t\t\t\tconst style = document.createElement( 'style' );\n\t\t\t\t\tstyle.appendChild( document.createTextNode( '#wpforms-5855-field_5-container { position: absolute !important; overflow: hidden !important; display: inline !important; height: 1px !important; width: 1px !important; z-index: -1000 !important; padding: 0 !important; } #wpforms-5855-field_5-container input { visibility: hidden; } #wpforms-conversational-form-page #wpforms-5855-field_5-container label { counter-increment: none; }' ) );\n\t\t\t\t\tdocument.head.appendChild( style );\n\t\t\t\t\tdocument.currentScript?.remove();\n\t\t\t\t} )();\n\t\t\t<\/script><\/div><!-- .wpforms-field-container --><div class=\"wpforms-recaptcha-container wpforms-is-recaptcha wpforms-is-recaptcha-type-v3\" ><input type=\"hidden\" name=\"wpforms[recaptcha]\" value=\"\"><\/div><div class=\"wpforms-submit-container\" ><input type=\"hidden\" name=\"wpforms[id]\" value=\"5855\"><input type=\"hidden\" name=\"page_title\" value=\"\"><input type=\"hidden\" name=\"page_url\" value=\"https:\/\/drayaelochoa.com\/es\/wp-json\/wp\/v2\/pages\/214\"><input type=\"hidden\" name=\"url_referer\" value=\"\"><button type=\"submit\" name=\"wpforms[submit]\" id=\"wpforms-submit-5855\" class=\"wpforms-submit\" data-alt-text=\"Sending...\" data-submit-text=\"Submit\" aria-live=\"assertive\" value=\"wpforms-submit\">Enviar<\/button><img loading=\"lazy\" decoding=\"async\" src=\"https:\/\/drayaelochoa.com\/wp-content\/plugins\/wpforms-lite\/assets\/images\/submit-spin.svg\" class=\"wpforms-submit-spinner\" style=\"display: none;\" width=\"26\" height=\"26\" alt=\"Cargando\"><\/div><input type=\"hidden\" name=\"trp-form-language\" value=\"es\"\/><\/form><\/div>  <!-- .wpforms-container -->\n\t\t<\/div> \n\t<\/div>\n\t<\/div> \n\n\t<div style=\"margin-bottom: -25%; \" class=\"vc_col-sm-4 wpb_column column_container vc_column_container col child_column has-animation padding-6-percent inherit_tablet inherit_phone\"  data-using-bg=\"true\" data-shadow=\"x_large_depth\" data-border-radius=\"10px\" data-padding-pos=\"all\" data-has-bg-color=\"true\" data-bg-color=\"#FFFFFF\" data-bg-opacity=\"1\" data-animation=\"grow-in\" data-delay=\"0\" >\n\t\t<div class=\"vc_column-inner\" ><div class=\"column-bg-overlay-wrap column-bg-layer\" data-bg-animation=\"none\"><div class=\"column-bg-overlay\" style=\"opacity: 1; background-color: #FFFFFF;\"><\/div><\/div>\n\t\t<div class=\"wpb_wrapper\">\n\t\t\t<div class=\"iwithtext\"><div class=\"iwt-icon\"> <i class=\"icon-default-style fa fa-location-arrow extra-color-2\"><\/i> <\/div><div class=\"iwt-text\"> \n<p class=\"DUwDvf lfPIob\"><strong>Dra Yael Ochoa<\/strong><\/p>\n<p>Av. H\u00e9roes de Nacozari 127, Flamingos, 63732 Bucer\u00edas, Nay. <\/div><div class=\"clear\"><\/div><\/div><div class=\"iwithtext\"><div class=\"iwt-icon\"> <i class=\"icon-default-style fa fa-phone extra-color-2\"><\/i> <\/div><div class=\"iwt-text\"> \n<p class=\"DUwDvf lfPIob\"><strong>Telefono<\/strong><\/p>\n<p>Desde Mexico: 322 348 7732<br \/>\nDesde USA\/CA: +52 322 348 7732<br \/>\n<a href=\"https:\/\/wa.me\/523223487732\" target=\"_blank\" rel=\"noopener\">Whatsapp:322 348 7732<\/a> <\/div><div class=\"clear\"><\/div><\/div><div class=\"iwithtext\"><div class=\"iwt-icon\"> <i class=\"icon-default-style steadysets-icon-email2 extra-color-2\"><\/i> <\/div><div class=\"iwt-text\"> \n<p class=\"DUwDvf lfPIob\"><strong>Email<\/strong><\/p>\n<p>recepcion@drayaelochoa.com <\/div><div class=\"clear\"><\/div><\/div><div class=\"iwithtext\"><div class=\"iwt-icon\"> <i class=\"icon-default-style fa fa-clock-o extra-color-2\"><\/i> <\/div><div class=\"iwt-text\"> \n<p class=\"DUwDvf lfPIob\"><strong>Horario de recepcion<\/strong><\/p>\n<p>L\u2013V: 10:00 AM\u20132:00 PM, 4:00 PM\u20138:00 PM<br \/>\nSabado: 10:00 AM\u20132:00 PM <\/div><div class=\"clear\"><\/div><\/div><div class=\"nectar_icon_wrap\" data-style=\"default\" data-padding=\"20px\" data-color=\"extra-color-2\" style=\"margin-left: -20px; \" >\n\t\t<div class=\"nectar_icon\" ><a href=\"https:\/\/www.facebook.com\/drayaelochoa\" target=\"_blank\" rel=\"noopener\"><\/a><span class=\"im-icon-wrap\" data-color=\"extra-color-2\" style=\"height: 29px; width: 29px;\"><span><svg role=\"presentation\" version=\"1.1\" xmlns=\"http:\/\/www.w3.org\/2000\/svg\" width=\"29\" height=\"29\" viewbox=\"0 0 32 32\">\n        <path d=\"M17.333 32h-4c-0.367 0-0.667-0.3-0.667-0.667v-12.667h-4.667c-0.367 0-0.667-0.3-0.667-0.667v-5.333c0-0.367 0.3-0.667 0.667-0.667h4.667v-5.273c0-3.584 3.461-6.727 7.407-6.727h3.927c0.367 0 0.667 0.3 0.667 0.667v4c0 0.367-0.3 0.667-0.667 0.667h-2.397c-1.457 0-3.603 1.339-3.603 2.541v4.125h5.901c0.209 0 0.407 0.099 0.532 0.265s0.165 0.384 0.108 0.584l-1.532 5.333c-0.083 0.287-0.344 0.483-0.639 0.483h-4.371v12.667c0 0.368-0.3 0.668-0.667 0.668zM14 30.667h2.667v-12.667c0-0.367 0.3-0.667 0.667-0.667h4.531l1.151-4h-5.681c-0.367 0-0.667-0.3-0.667-0.667v-4.792c0-2.139 2.987-3.875 4.936-3.875h1.731v-2.667h-3.26c-2.873 0-6.073 2.215-6.073 5.393v5.94c0 0.367-0.3 0.667-0.667 0.667h-4.667v4h4.667c0.367 0 0.667 0.3 0.667 0.667v12.667z\"><\/path>\n        <\/svg><\/span><\/span><\/div>\n\t<\/div><div class=\"nectar_icon_wrap\" data-style=\"default\" data-padding=\"20px\" data-color=\"extra-color-2\" style=\"\" >\n\t\t<div class=\"nectar_icon\" ><a href=\"https:\/\/www.instagram.com\/drayaelochoa\/\" target=\"_blank\" rel=\"noopener\"><\/a><span class=\"im-icon-wrap\" data-color=\"extra-color-2\" style=\"height: 29px; width: 29px;\"><span><svg role=\"presentation\" version=\"1.1\" xmlns=\"http:\/\/www.w3.org\/2000\/svg\" width=\"29\" height=\"29\" viewbox=\"0 0 32 32\">\n        <path d=\"M27.333 32h-22.667c-2.573 0-4.667-2.093-4.667-4.667v-22.667c0-2.573 2.093-4.667 4.667-4.667h22.667c2.573 0 4.667 2.093 4.667 4.667v22.667c0 2.573-2.093 4.667-4.667 4.667zM4.667 1.333c-1.837 0-3.333 1.495-3.333 3.333v22.667c0 1.839 1.496 3.333 3.333 3.333h22.667c1.837 0 3.333-1.495 3.333-3.333v-22.667c0-1.839-1.496-3.333-3.333-3.333h-22.667zM16 24c-4.412 0-8-3.588-8-8s3.588-8 8-8c4.412 0 8 3.588 8 8s-3.588 8-8 8zM16 9.333c-3.676 0-6.667 2.991-6.667 6.667s2.991 6.667 6.667 6.667 6.667-2.991 6.667-6.667-2.991-6.667-6.667-6.667zM16 20.333c-2.389 0-4.333-1.944-4.333-4.333s1.944-4.333 4.333-4.333 4.333 1.944 4.333 4.333-1.944 4.333-4.333 4.333zM16 13c-1.655 0-3 1.347-3 3s1.345 3 3 3 3-1.347 3-3-1.345-3-3-3zM1.333 9.333h10.667v1.333h-10.667v-1.333zM20 9.333h10.667v1.333h-10.667v-1.333zM8.667 10.667h-4c-0.368 0-0.667-0.3-0.667-0.667v-9.333c0-0.367 0.299-0.667 0.667-0.667h4c0.368 0 0.667 0.3 0.667 0.667v9.333c0 0.367-0.299 0.667-0.667 0.667zM5.333 9.333h2.667v-8h-2.667v8zM27.333 8h-4c-0.367 0-0.667-0.3-0.667-0.667v-4c0-0.367 0.3-0.667 0.667-0.667h4c0.367 0 0.667 0.3 0.667 0.667v4c0 0.367-0.3 0.667-0.667 0.667zM24 6.667h2.667v-2.667h-2.667v2.667z\"><\/path>\n        <\/svg><\/span><\/span><\/div>\n\t<\/div><div class=\"nectar_icon_wrap\" data-style=\"default\" data-padding=\"20px\" data-color=\"extra-color-2\" style=\"\" >\n\t\t<div class=\"nectar_icon\" ><a href=\"https:\/\/www.linkedin.com\/in\/yael-ochoa-236467179\" target=\"_blank\" rel=\"noopener\"><\/a><span class=\"im-icon-wrap\" data-color=\"extra-color-2\" style=\"height: 29px; width: 29px;\"><span><svg role=\"presentation\" version=\"1.1\" xmlns=\"http:\/\/www.w3.org\/2000\/svg\" width=\"29\" height=\"29\" viewbox=\"0 0 39 32\">\n        <path d=\"M33.361 0h-28c-1.103 0-2 0.897-2 2v28c0 1.103 0.897 2 2 2h28c1.104 0 2-0.897 2-2v-28c0-1.103-0.896-2-2-2zM34.028 30c0 0.367-0.3 0.667-0.667 0.667h-28c-0.368 0-0.667-0.3-0.667-0.667v-28c0-0.368 0.299-0.667 0.667-0.667h28c0.367 0 0.667 0.299 0.667 0.667v28zM13.361 12h-5.333c-0.368 0-0.667 0.299-0.667 0.667v14.667c0 0.368 0.299 0.667 0.667 0.667h5.333c0.368 0 0.667-0.299 0.667-0.667v-14.667c0-0.368-0.297-0.667-0.667-0.667zM12.695 26.667h-4v-13.333h4v13.333zM10.695 3.333c-1.837 0-3.333 1.496-3.333 3.333s1.496 3.333 3.333 3.333 3.333-1.496 3.333-3.333-1.495-3.333-3.333-3.333zM10.695 8.667c-1.103 0-2-0.897-2-2s0.897-2 2-2 2 0.897 2 2-0.896 2-2 2zM25.361 11.999c-2.191 0-3.732 0.483-4.667 0.908v-0.24c0-0.368-0.297-0.667-0.667-0.667h-4c-0.368 0-0.667 0.299-0.667 0.667v14.667c0 0.368 0.299 0.667 0.667 0.667h4c0.369 0 0.667-0.299 0.667-0.667v-8c0-1.103 0.899-2 2-2 1.104 0 2 0.897 2 2v8c0 0.368 0.3 0.667 0.667 0.667h5.333c0.369 0 0.667-0.299 0.667-0.667v-9.333c0-3.308-2.691-6.001-6-6.001zM30.028 26.667h-4v-7.333c0-1.839-1.495-3.333-3.333-3.333s-3.333 1.495-3.333 3.333v7.333h-2.667v-13.333h2.667v0.721c0 0.256 0.148 0.488 0.379 0.599s0.505 0.079 0.707-0.080c0.016-0.012 1.599-1.241 4.915-1.241 2.573 0 4.667 2.093 4.667 4.668v8.667z\"><\/path>\n        <\/svg><\/span><\/span><\/div>\n\t<\/div><div class=\"nectar_icon_wrap\" data-style=\"default\" data-padding=\"20px\" data-color=\"extra-color-2\" style=\"\" >\n\t\t<div class=\"nectar_icon\" ><a href=\"https:\/\/maps.app.goo.gl\/br6Ps9KYtwATbvay9\" target=\"_blank\" rel=\"noopener\"><\/a><span class=\"im-icon-wrap\" data-color=\"extra-color-2\" style=\"height: 29px; width: 29px;\"><span><svg role=\"presentation\" version=\"1.1\" xmlns=\"http:\/\/www.w3.org\/2000\/svg\" width=\"29\" height=\"29\" viewbox=\"0 0 33 32\">\n        <path d=\"M3.729 17.979c-1.803 0-3.729-1.6-3.729-3.98 0-1.693 1.177-3.297 2.799-3.813 1.396-0.448 2.769 0.029 3.661 1.284 0.213 0.3 0.144 0.716-0.156 0.928-0.301 0.212-0.719 0.143-0.932-0.155-0.747-1.049-1.681-0.944-2.168-0.791-0.908 0.293-1.871 1.284-1.871 2.547 0 1.703 1.417 2.645 2.396 2.645 0.949 0 1.536-0.213 1.833-0.364v-0.969h-1.333c-0.368 0-0.667-0.3-0.667-0.667s0.299-0.667 0.667-0.667h2c0.367 0 0.667 0.3 0.667 0.667v2c0 0.191-0.083 0.375-0.224 0.5-0.099 0.085-0.996 0.835-2.943 0.835zM10.229 18.104c-1.389 0-2.399-1.183-2.399-2.811 0-1.943 1.204-2.812 2.399-2.812 1.193 0 2.399 0.869 2.399 2.812 0 1.628-1.009 2.811-2.399 2.811zM10.229 13.812c-0.677 0-1.065 0.539-1.065 1.479 0 0.899 0.417 1.477 1.065 1.477 0.645 0 1.065-0.584 1.065-1.477 0-0.94-0.388-1.479-1.065-1.479zM15.563 18.104c-1.323 0-2.399-1.26-2.399-2.811s1.076-2.812 2.399-2.812c1.323 0 2.397 1.261 2.397 2.812 0.001 1.551-1.076 2.811-2.397 2.811zM15.563 13.812c-0.579 0-1.065 0.677-1.065 1.479s0.487 1.477 1.065 1.477c0.577 0 1.065-0.677 1.065-1.477 0-0.801-0.491-1.479-1.065-1.479zM21.492 17.041c-0.588 0-1.164-0.136-1.617-0.408-0.604-0.361-0.937-0.929-0.937-1.596 0-2.392 2.508-2.392 3.855-2.392h1.437c0.367 0 0.667 0.301 0.667 0.667 0 0.368-0.3 0.667-0.667 0.667h-1.437c-1.956 0-2.521 0.237-2.521 1.059 0 0.133 0.031 0.301 0.289 0.455 0.508 0.305 1.412 0.287 2.021-0.036 0.325-0.177 0.731-0.051 0.905 0.275 0.172 0.325 0.049 0.729-0.276 0.903-0.519 0.271-1.128 0.408-1.719 0.408zM22.167 21.979c-0.919 0-3.355 0-3.355-1.937 0-2.019 2.109-2.063 3.312-2.063-0.039-0.161-0.063-0.339-0.063-0.536 0-0.852 0.295-1.343 0.529-1.737 0.196-0.329 0.344-0.568 0.344-1.049 0-0.276-0.765-0.656-1.32-0.656-0.368 0-0.667-0.3-0.667-0.667s0.299-0.667 0.667-0.667c1.084 0 2.653 0.708 2.653 1.989 0 0.852-0.299 1.343-0.532 1.737-0.195 0.329-0.341 0.568-0.341 1.051 0 0.347 0.139 0.477 0.485 0.776 0.405 0.347 0.953 0.816 0.953 1.792 0.005 0.589-0.259 1.967-2.667 1.967zM22.205 19.312c-1.752 0-2.063 0.235-2.063 0.729 0 0.183 0 0.604 2.021 0.604 1.339 0 1.339-0.461 1.339-0.639 0-0.323-0.125-0.464-0.424-0.724-0.057 0.019-0.12 0.028-0.183 0.028h-0.691v0.001zM26.229 18.645c-0.369 0-0.667-0.303-0.667-0.667v-6.667c0-0.367 0.297-0.667 0.667-0.667 0.367 0 0.667 0.3 0.667 0.667v6.667c0 0.368-0.3 0.667-0.667 0.667zM30.872 17.989c-1.695 0-2.667-0.981-2.667-2.696 0-1.461 1.364-2.645 3.041-2.645 1.44 0 2.099 0.884 2.26 1.409 0.087 0.285-0.025 0.592-0.273 0.755l-2.757 1.784c-0.016 0.012-0.028 0.020-0.047 0.028 0.133 0.024 0.279 0.032 0.443 0.032 1.049 0 1.571-0.381 1.588-0.397 0.289-0.219 0.707-0.169 0.931 0.119s0.181 0.697-0.1 0.924c-0.085 0.071-0.892 0.688-2.419 0.688zM31.247 13.979c-0.924 0-1.705 0.601-1.705 1.312 0 0.136 0.008 0.256 0.021 0.368 0.049-0.073 0.115-0.139 0.195-0.189l2.12-1.372c-0.148-0.067-0.352-0.119-0.631-0.119z\"><\/path>\n        <\/svg><\/span><\/span><\/div>\n\t<\/div>\n\t\t<\/div> \n\t<\/div>\n\t<\/div> \n<\/div><\/div>\n\t\t\t<\/div> \n\t\t<\/div>\n\t<\/div> \n<\/div><\/div>\n\t\t<div id=\"fws_6a0241d04652f\"  data-column-margin=\"default\" data-midnight=\"dark\"  class=\"wpb_row vc_row-fluid vc_row full-width-content vc_row-o-equal-height vc_row-flex vc_row-o-content-top\"  style=\"padding-top: 0px; padding-bottom: 0px; \"><div class=\"row-bg-wrap\" data-bg-animation=\"none\" data-bg-animation-delay=\"\" data-bg-overlay=\"false\"><div class=\"inner-wrap row-bg-layer\" ><div class=\"row-bg viewport-desktop\"  style=\"\"><\/div><\/div><\/div><div class=\"row_col_wrap_12 col span_12 dark left\">\n\t<div  class=\"vc_col-sm-12 wpb_column column_container vc_column_container col no-extra-padding inherit_tablet inherit_phone\"  data-padding-pos=\"all\" data-has-bg-color=\"false\" data-bg-color=\"\" data-bg-opacity=\"1\" data-animation=\"\" data-delay=\"0\" >\n\t\t<div class=\"vc_column-inner\" >\n\t\t\t<div class=\"wpb_wrapper\">\n\t\t\t\t\n\t<div class=\"wpb_raw_code wpb_raw_html wpb_content_element\" >\n\t\t<div class=\"wpb_wrapper\">\n\t\t\t<iframe src=\"https:\/\/www.google.com\/maps\/embed?pb=!1m18!1m12!1m3!1d3732.23416184802!2d-105.27461222607637!3d20.700713798967527!2m3!1f0!2f0!3f0!3m2!1i1024!2i768!4f13.1!3m3!1m2!1s0x842147e383a1eed1%3A0xceff43d458ac5810!2sDra%20Yael%20Ochoa!5e0!3m2!1ses-419!2smx!4v1758756292003!5m2!1ses-419!2smx\" width=\"1920\" height=\"700\" style=\"border:0;\" allowfullscreen=\"\" loading=\"lazy\" referrerpolicy=\"no-referrer-when-downgrade\"><\/iframe>\n\t\t<\/div>\n\t<\/div>\n\n\t\t\t<\/div> \n\t\t<\/div>\n\t<\/div> \n<\/div><\/div>","protected":false},"excerpt":{"rendered":"Get in Touch with Dr. Yael Ochoa \u2013 Regenerative Medicine in Nuevo Vallarta &amp; Puerto Vallarta Mexico Start your journey toward optimal health with Dr....","protected":false},"author":2,"featured_media":0,"parent":0,"menu_order":0,"comment_status":"closed","ping_status":"closed","template":"","meta":{"_joinchat":[],"footnotes":""},"class_list":["post-214","page","type-page","status-publish"],"_hostinger_reach_plugin_has_subscription_block":false,"_hostinger_reach_plugin_is_elementor":false,"_links":{"self":[{"href":"https:\/\/drayaelochoa.com\/es\/wp-json\/wp\/v2\/pages\/214","targetHints":{"allow":["GET"]}}],"collection":[{"href":"https:\/\/drayaelochoa.com\/es\/wp-json\/wp\/v2\/pages"}],"about":[{"href":"https:\/\/drayaelochoa.com\/es\/wp-json\/wp\/v2\/types\/page"}],"author":[{"embeddable":true,"href":"https:\/\/drayaelochoa.com\/es\/wp-json\/wp\/v2\/users\/2"}],"replies":[{"embeddable":true,"href":"https:\/\/drayaelochoa.com\/es\/wp-json\/wp\/v2\/comments?post=214"}],"version-history":[{"count":24,"href":"https:\/\/drayaelochoa.com\/es\/wp-json\/wp\/v2\/pages\/214\/revisions"}],"predecessor-version":[{"id":6093,"href":"https:\/\/drayaelochoa.com\/es\/wp-json\/wp\/v2\/pages\/214\/revisions\/6093"}],"wp:attachment":[{"href":"https:\/\/drayaelochoa.com\/es\/wp-json\/wp\/v2\/media?parent=214"}],"curies":[{"name":"wp","href":"https:\/\/api.w.org\/{rel}","templated":true}]}}